{"id":1969,"date":"2017-05-04T08:40:12","date_gmt":"2017-05-04T08:40:12","guid":{"rendered":"http:\/\/localhost:8080\/urok\/?page_id=1969"},"modified":"2025-04-30T18:25:28","modified_gmt":"2025-04-30T18:25:28","slug":"annonser-for-dig-som-vill-na-sveriges-optiker","status":"publish","type":"page","link":"https:\/\/conmedia.se\/","title":{"rendered":"Annonser f\u00f6r dig som vill n\u00e5 Sveriges Optiker"},"content":{"rendered":"<div class=\"wpb-content-wrapper\"><p>[vc_row full_width=&#8221;stretch_row_content_no_spaces&#8221; el_id=&#8221;hem&#8221;][vc_column]<section id=\"videoLocal\" class=\"home bg parallax\" data-background=\"\"><div class=\"bg-mask dark  op3\"><\/div><div class=\"js-height-100\"><div class=\"home-content-above\"><div class=\"home-content-left\"><div class=\"home-block\"><div class=\"container\"><div class=\"row\"><div class=\"col-md-10 col-xs-10\"><div class=\"home-line-2\"><\/div><div id=\"typed-strings\"><p><\/p><\/div><h1 class=\"home-title-1\"><span id=\"typed\"><\/span><\/h1><p class=\"white hidden-xs\"><\/p><\/div><\/div><\/div><\/div><\/div><\/div><\/div><div class=\"scroll-info\"><\/div><\/section>[\/vc_column][\/vc_row][vc_row content_placement=&#8221;top&#8221; css=&#8221;.vc_custom_1743747258421{padding-top: 120px !important;}&#8221; el_id=&#8221;omoptik&#8221;][vc_column]<h2 class=\"section-title\" style=\"color:#737d80;\">Om Optik<\/h2><h3 class=\"section-subtitle\" style=\"color:#737d80;\">12 tillf\u00e4llen \u2013 12 m\u00f6jligheter<\/h3>[\/vc_column][\/vc_row][vc_row][vc_column offset=&#8221;vc_col-lg-8 vc_col-md-8&#8243; css=&#8221;.vc_custom_1488796249982{margin-top: 40px !important;}&#8221;][vc_column_text css_animation=&#8221;fadeIn&#8221; css=&#8221;&#8221;]<\/p>\n<h3><strong>OPTIK<\/strong> forts\u00e4tter den lyckade satsningen med tidning och digital publikation. En perfekt mix mellan den tryckta branschtidningen med alla dess v\u00e4rden \u2013 och de digitala publikationerna med snabbare kommunikation.<\/h3>\n<p>Tidningen OPTIK utkommer med 4 nummer \u2013 alla med analyserande och rapporterande journalistik av h\u00f6gsta klass.<\/p>\n<p>D\u00e4rut\u00f6ver kommer 8 digitala publiceringar med nyheter fr\u00e5n hela<br \/>\noptikv\u00e4rlden. Separat distribuerad via mail samt digitalt publicerad p\u00e5 Optikbranschens webbsida. 12 tillf\u00e4llen att n\u00e5 optiker, assistenter, studenter och \u00f6vriga akt\u00f6rer p\u00e5 den svenska optikmarknaden.<\/p>\n<p>Det \u00e4r 12 tillf\u00e4llen att bygga varum\u00e4rken vare sig det g\u00e4ller linser, b\u00e5gar, glas, maskiner, instrument, it-system eller f\u00f6r den delen \u2013 hela butikskedjor.[\/vc_column_text][vc_row_inner css=&#8221;.vc_custom_1488793579932{margin-top: 40px !important;}&#8221;][vc_column_inner width=&#8221;1\/3&#8243; offset=&#8221;vc_col-xs-6&#8243; css=&#8221;.vc_custom_1488875806771{margin-bottom: 20px !important;}&#8221;]<div class=\"counter-no\">12<\/div><h4 class=\"counter-title\">Tillf\u00e4llen att n\u00e5 svenska optiker<\/h4>[\/vc_column_inner][vc_column_inner width=&#8221;1\/3&#8243;]<div class=\"counter-no\">3300<\/div><h4 class=\"counter-title\">Optik Digital<\/h4>[\/vc_column_inner][vc_column_inner width=&#8221;1\/3&#8243;]<div class=\"counter-no\">3000<\/div><h4 class=\"counter-title\">Optik Print<\/h4>[\/vc_column_inner][\/vc_row_inner][\/vc_column][vc_column offset=&#8221;vc_col-lg-offset-1 vc_col-lg-3 vc_col-md-offset-1 vc_col-md-3&#8243; css=&#8221;.vc_custom_1488796199456{margin-top: 40px !important;}&#8221;][vc_single_image image=&#8221;2484&#8243; img_size=&#8221;full&#8221; onclick=&#8221;custom_link&#8221; img_link_target=&#8221;_blank&#8221; css_animation=&#8221;fadeIn&#8221; css=&#8221;&#8221; link=&#8221;https:\/\/conmedia.se\/wp-content\/uploads\/2025\/04\/2025_Optik-annon_2025_swe.pdf&#8221;][\/vc_column][\/vc_row][vc_row][vc_column width=&#8221;1\/2&#8243;]<h2 class=\"section-title\" style=\"color:#737d80;\">Utgivningsplan Print<\/h2><h3 class=\"section-subtitle\" style=\"color:#737d80;\"><\/h3>[vc_column_text css=&#8221;&#8221;]<\/p>\n<div>\n<p>&nbsp;<\/p>\n<table border=\"0\" cellpadding=\"0\">\n<tbody>\n<tr>\n<td colspan=\"\" rowspan=\"\">\n<p class=\"\" style=\"text-align: left;\"><strong>Utg\u00e5va<\/strong><\/p>\n<\/td>\n<td colspan=\"\" rowspan=\"\">\n<p class=\"\">Utg dag<\/p>\n<\/td>\n<td colspan=\"\" rowspan=\"\">\n<p class=\"\">Bokning<\/p>\n<\/td>\n<td colspan=\"\" rowspan=\"\">\n<p class=\"\">Material<\/p>\n<\/td>\n<td colspan=\"\" rowspan=\"\">\n<p class=\"\" style=\"text-align: left;\">I fokus<\/p>\n<\/td>\n<\/tr>\n<tr>\n<td colspan=\"\" rowspan=\"\">\n<p class=\"\">M\u00e4ssan<\/p>\n<\/td>\n<td colspan=\"\" rowspan=\"\">\n<p class=\"\">7\/1<\/p>\n<\/td>\n<td colspan=\"\" rowspan=\"\">\n<p class=\"\">28\/11<\/p>\n<\/td>\n<td colspan=\"\" rowspan=\"\">\n<p class=\"\">9\/12<\/p>\n<\/td>\n<td colspan=\"\" rowspan=\"\">\n<p class=\"\">Optikm\u00e4ssans katalog<\/p>\n<\/td>\n<\/tr>\n<tr>\n<td colspan=\"\" rowspan=\"\">\n<p class=\"\">1<\/p>\n<\/td>\n<td colspan=\"\" rowspan=\"\">\n<p class=\"\">28\/2<\/p>\n<\/td>\n<td colspan=\"\" rowspan=\"\">\n<p class=\"\">6\/2<\/p>\n<\/td>\n<td colspan=\"\" rowspan=\"\">\n<p class=\"\">13\/2<\/p>\n<\/td>\n<td colspan=\"\" rowspan=\"\">\n<p class=\"\">V\u00e5rnytt<\/p>\n<\/td>\n<\/tr>\n<tr>\n<td colspan=\"\" rowspan=\"\">\n<p class=\"\">2<\/p>\n<\/td>\n<td colspan=\"\" rowspan=\"\">\n<p class=\"\">22\/5<\/p>\n<\/td>\n<td colspan=\"\" rowspan=\"\">\n<p class=\"\">17\/4<\/p>\n<\/td>\n<td colspan=\"\" rowspan=\"\">\n<p class=\"\">24\/4<\/p>\n<\/td>\n<td colspan=\"\" rowspan=\"\">\n<p class=\"\">Utbildning \/ Rekrytering<\/p>\n<\/td>\n<\/tr>\n<tr>\n<td colspan=\"\" rowspan=\"\">\n<p class=\"\">3<\/p>\n<\/td>\n<td colspan=\"\" rowspan=\"\">\n<p class=\"\">5\/9<\/p>\n<\/td>\n<td colspan=\"\" rowspan=\"\">\n<p class=\"\">14\/8<\/p>\n<\/td>\n<td colspan=\"\" rowspan=\"\">\n<p class=\"\">21\/8<\/p>\n<\/td>\n<td colspan=\"\" rowspan=\"\">\n<p class=\"\">Optometridagarna<\/p>\n<\/td>\n<\/tr>\n<tr>\n<td colspan=\"\" rowspan=\"\">\n<p class=\"\">4<\/p>\n<\/td>\n<td colspan=\"\" rowspan=\"\">\n<p class=\"\">20\/11<\/p>\n<\/td>\n<td colspan=\"\" rowspan=\"\">\n<p class=\"\">28\/10<\/p>\n<\/td>\n<td colspan=\"\" rowspan=\"\">\n<p class=\"\">5\/11<\/p>\n<\/td>\n<td colspan=\"\" rowspan=\"\">\n<p class=\"\">Instrument \/ Glas \/ B\u00e5gar<\/p>\n<\/td>\n<\/tr>\n<\/tbody>\n<\/table>\n<p>&nbsp;<\/p>\n<\/div>\n<p>[\/vc_column_text][\/vc_column][vc_column width=&#8221;1\/2&#8243;][\/vc_column][\/vc_row][vc_row][vc_column][vc_empty_space][\/vc_column][\/vc_row][vc_row full_width=&#8221;stretch_row_content&#8221; css=&#8221;.vc_custom_1746014444775{background-color: #f5f7f7 !important;}&#8221;][vc_column offset=&#8221;vc_col-lg-offset-1 vc_col-lg-3 vc_col-md-offset-1 vc_col-md-3&#8243; css=&#8221;.vc_custom_1488961661357{margin-top: 120px !important;margin-bottom: 80px !important;padding-right: 15px !important;padding-left: 15px !important;}&#8221;]<h2 class=\"section-title\" style=\"color:#737d80;\">Print<\/h2><h3 class=\"section-subtitle\" style=\"color:#737d80;\"><\/h3>[vc_column_text css_animation=&#8221;fadeIn&#8221; css=&#8221;.vc_custom_1743753961740{margin-top: 40px !important;}&#8221;]<strong>Upplaga:<\/strong> 3 000 exemplar<\/p>\n<p><strong>Utgivning:<\/strong> 4 nummer per \u00e5r<\/p>\n<p><strong>Spridningsomr\u00e5de:<\/strong> Rikst\u00e4ckande till hela den svenska optik\ufffemarknaden.<\/p>\n<p><strong>Utgivare:<\/strong> Optikbranschen[\/vc_column_text][vc_empty_space]<h2 class=\"section-title\" style=\"color:#737d80;\">Format<\/h2><h3 class=\"section-subtitle\" style=\"color:#737d80;\"><\/h3>[vc_row_inner css=&#8221;.vc_custom_1488892923770{margin-top: 120px !important;}&#8221;][vc_column_inner width=&#8221;1\/2&#8243; offset=&#8221;vc_col-xs-6&#8243;]<div class=\"box-media-a os-animation \" style=\"color:#9B1010;\"> <div class=\"fa-icon-wrap\"><div class=\"fa-icon-diamond\"><\/div><i class=\"fas fa-chart-line\"><\/i><\/div><div class=\"media-text\"><h3 class=\"title\">Uppslag<\/h3><p><strong>Satsyta:<\/strong> 410&#215;258 mm<\/p>\n<p><strong>Utfallande:<\/strong> 430&#215;285 plus 3 mm utfall.<\/p>\n<p><strong>39 900 kr<\/strong><\/p>\n<p><em>Premiumuppslag sid 2-3 enl. \u00f6k.<\/em><\/p><\/p><\/div><\/div>[\/vc_column_inner][vc_column_inner width=&#8221;1\/2&#8243; offset=&#8221;vc_col-xs-6&#8243;]<div class=\"box-media-a os-animation \" style=\"color:;\"> <div class=\"fa-icon-wrap\"><div class=\"fa-icon-diamond\"><\/div><i class=\"fas fa-chart-line\"><\/i><\/div><div class=\"media-text\"><h3 class=\"title\">Helsida<\/h3><p><strong>Satsyta:<\/strong> 196 x 258<\/p>\n<p>Utfallande: 215&#215;285 plus 3 mm utfall<\/p>\n<p><strong>19 900 kr<\/strong><\/p>\n<p><strong>Omslag<\/strong> (2 och 3): <strong>24 600 kr<\/strong><\/p>\n<p><strong>Omslag 4:<\/strong> <strong>29 600 kr<\/strong><\/p>\n<p><\/p><\/p><\/div><\/div>[\/vc_column_inner][vc_column_inner width=&#8221;1\/2&#8243; offset=&#8221;vc_col-xs-6&#8243;]<div class=\"box-media-a os-animation \" style=\"color:;\"> <div class=\"fa-icon-wrap\"><div class=\"fa-icon-diamond\"><\/div><i class=\"fas fa-chart-line\"><\/i><\/div><div class=\"media-text\"><h3 class=\"title\">Halvsida<\/h3><p><strong>Satsyta liggande:<\/strong> 196&#215;128 mm.<br \/>\nUtfallande: 215&#215;142 plus 3 mm utfall.<br \/>\n<strong>Satsytande st\u00e5ende:<\/strong> 96&#215;258 mm.<br \/>\nUtfallande: 108&#215;285 plus 3 mm utfall.<\/p>\n<p><strong>11 200 kr<\/strong><\/p><\/p><\/div><\/div>[\/vc_column_inner][vc_column_inner width=&#8221;1\/2&#8243;]<div class=\"box-media-a os-animation \" style=\"color:;\"> <div class=\"fa-icon-wrap\"><div class=\"fa-icon-diamond\"><\/div><i class=\"fas fa-chart-line\"><\/i><\/div><div class=\"media-text\"><h3 class=\"title\">Kvartssida<\/h3><p>96&#215;128 mm, 108&#215;141 utfallande + 3 mm<\/p>\n<p><strong>5 800 kr<\/strong><\/p>\n<p>Kvartssida, liggande \u201dstreamer\u201d (196&#215;60)<br \/>\nKvartssida, st\u00e5ende \u201dstreamer\u201d (62&#215;258)<\/p>\n<p><strong>6 000 kr<\/strong><\/p><\/p><\/div><\/div>[\/vc_column_inner][vc_column_inner]<div class=\"box-media-a os-animation \" style=\"color:;\"> <div class=\"fa-icon-wrap\"><div class=\"fa-icon-diamond\"><\/div><i class=\"fas fa-chart-line\"><\/i><\/div><div class=\"media-text\"><h3 class=\"title\">Eftertext<\/h3><p><strong>K\u00f6pes, s\u00e4ljes, s\u00f6kes<\/strong><\/p>\n<p>35 kr per millimeter. Minimum 62 x 115 mm.<br \/>\nEn spalt 62 mm, tv\u00e5 spalter 128 mm,<br \/>\ntre spalter 198 mm<\/p>\n<p>Kostnad f\u00f6r layout: 750 kr\/tim.<\/p><\/p><\/div><\/div>[vc_column_text css=&#8221;&#8221;]<\/p>\n<h3>Annonsmateriel Print<\/h3>\n<p><a href=\"http:\/\/optikbranschen.se\/annons\/\">Tryckf\u00e4rdig PDF, 300 dpi, laddas upp h\u00e4r.<\/a><br \/>\nV\u00e4lj r\u00e4tt utg\u00e5vemappar.<\/p>\n<p>Se ordererk\u00e4nnande f\u00f6r inloggningsuppgifter.[\/vc_column_text][\/vc_column_inner][\/vc_row_inner][\/vc_column][vc_column offset=&#8221;vc_col-lg-6 vc_col-md-6&#8243;][vc_single_image image=&#8221;2471&#8243; img_size=&#8221;full&#8221; alignment=&#8221;center&#8221; css_animation=&#8221;fadeIn&#8221; css=&#8221;&#8221;][\/vc_column][\/vc_row][vc_row full_width=&#8221;stretch_row_content_no_spaces&#8221; css=&#8221;.vc_custom_1746021983364{background-color: #f5f7f7 !important;}&#8221;][vc_column offset=&#8221;vc_col-lg-6 vc_col-md-6&#8243;][vc_single_image image=&#8221;2479&#8243; img_size=&#8221;full&#8221; alignment=&#8221;center&#8221; css_animation=&#8221;fadeIn&#8221; css=&#8221;&#8221;][\/vc_column][vc_column offset=&#8221;vc_col-lg-offset-1 vc_col-lg-3 vc_col-md-offset-1 vc_col-md-3&#8243; css=&#8221;.vc_custom_1488961661357{margin-top: 120px !important;margin-bottom: 80px !important;padding-right: 15px !important;padding-left: 15px !important;}&#8221;]<h2 class=\"section-title\" style=\"color:#737d80;\">Digital<\/h2><h3 class=\"section-subtitle\" style=\"color:#737d80;\"><\/h3>[vc_column_text css_animation=&#8221;fadeIn&#8221; css=&#8221;.vc_custom_1743752667707{margin-top: 40px !important;}&#8221;]<strong>Upplaga:<\/strong> 3 300 mottagare av nyhetsbrev. Publiceras \u00e4ven p\u00e5 Optikbranschens webbsida.<\/p>\n<p><strong>Utgivning:<\/strong> 8 nummer per \u00e5r<\/p>\n<p><strong>Spridningsomr\u00e5de:<\/strong> Rikst\u00e4ckande till optiker, assistenter, detaljister och<br \/>\nstudenter.<\/p>\n<p><strong>Utgivare:<\/strong> Optikbranschen<\/p>\n<p>[\/vc_column_text][vc_empty_space]<h2 class=\"section-title\" style=\"color:#737d80;\">Format<\/h2><h3 class=\"section-subtitle\" style=\"color:#737d80;\"><\/h3>[vc_row_inner css=&#8221;.vc_custom_1488892923770{margin-top: 120px !important;}&#8221;][vc_column_inner width=&#8221;1\/2&#8243; offset=&#8221;vc_col-xs-6&#8243;]<div class=\"box-media-a os-animation \" style=\"color:#9B1010;\"> <div class=\"fa-icon-wrap\"><div class=\"fa-icon-diamond\"><\/div><i class=\"fas fa-chart-line\"><\/i><\/div><div class=\"media-text\"><h3 class=\"title\">Toppbanner<\/h3><p>520 x 250 px: <strong>9 200 kr<\/strong><\/p><\/p><\/div><\/div>[\/vc_column_inner][vc_column_inner width=&#8221;1\/2&#8243; offset=&#8221;vc_col-xs-6&#8243;]<div class=\"box-media-a os-animation \" style=\"color:;\"> <div class=\"fa-icon-wrap\"><div class=\"fa-icon-diamond\"><\/div><i class=\"fas fa-chart-line\"><\/i><\/div><div class=\"media-text\"><h3 class=\"title\">Insider<\/h3><p>520 x 125 px: <strong>6 150 kr<\/strong><\/p><\/p><\/div><\/div>[\/vc_column_inner][vc_column_inner width=&#8221;1\/2&#8243; offset=&#8221;vc_col-xs-6&#8243;]<div class=\"box-media-a os-animation \" style=\"color:;\"> <div class=\"fa-icon-wrap\"><div class=\"fa-icon-diamond\"><\/div><i class=\"fas fa-chart-line\"><\/i><\/div><div class=\"media-text\"><h3 class=\"title\">Eftertext<\/h3><p>236 x 440 px: <strong>3 550 kr<\/strong><\/p><\/p><\/div><\/div>[\/vc_column_inner][vc_column_inner][vc_column_text css=&#8221;&#8221;]<\/p>\n<h3>Annonsmateriel Digitalt<\/h3>\n<p><a href=\"http:\/\/optikbranschen.se\/annons\/\">JPG eller motsvarande laddas upp h\u00e4r.<\/a><br \/>\nV\u00e4lj r\u00e4tt utg\u00e5vemappar.<\/p>\n<p>Se ordererk\u00e4nnande f\u00f6r inloggningsuppgifter.[\/vc_column_text][\/vc_column_inner][\/vc_row_inner][\/vc_column][\/vc_row][vc_row full_width=&#8221;stretch_row_content_no_spaces&#8221; content_placement=&#8221;top&#8221;][vc_column][vc_empty_space][\/vc_column][\/vc_row][vc_row full_width=&#8221;stretch_row_content_no_spaces&#8221; content_placement=&#8221;top&#8221; el_id=&#8221;kontakt&#8221;][vc_column width=&#8221;1\/3&#8243;][vc_single_image image=&#8221;2305&#8243; img_size=&#8221;full&#8221; css=&#8221;&#8221;][\/vc_column][vc_column width=&#8221;1\/3&#8243; offset=&#8221;vc_col-lg-3 vc_col-md-3&#8243; css=&#8221;.vc_custom_1743756993798{padding-top: 80px !important;padding-right: 15px !important;padding-bottom: 80px !important;padding-left: 15px !important;background-color: #FFFFFF !important;}&#8221;][vc_row_inner][vc_column_inner offset=&#8221;vc_col-lg-offset-1 vc_col-lg-10 vc_col-md-offset-1 vc_col-md-10&#8243;]<h2 class=\"section-title\" style=\"color:#737d80;\">Susanne Simic<\/h2><p class=\"mt40\" style=\"color:#737d80;\"><\/p><address><i class=\"icon fas fa-phone\"><\/i><i class=\"pipe\"><\/i>+46 72-900 10 02<br><i class=\"icon fas fa-envelope\"><\/i><i class=\"pipe\"><\/i>susanne.simic@conmedia.se<br><\/address>[\/vc_column_inner][\/vc_row_inner][\/vc_column][vc_column width=&#8221;1\/3&#8243; offset=&#8221;vc_col-lg-3 vc_col-md-3&#8243; klb_responsive=&#8221;.vc_custom_1743757220166{background-color: #DFE5E6 !important;}&#8221; css=&#8221;.vc_custom_1743757220166{padding-top: 80px !important;padding-right: 15px !important;padding-bottom: 80px !important;padding-left: 15px !important;background-color: #C5C6C7 !important;}&#8221;][vc_row_inner][vc_column_inner offset=&#8221;vc_col-lg-offset-1 vc_col-lg-10 vc_col-md-offset-1 vc_col-md-10&#8243; css=&#8221;.vc_custom_1489149109978{margin-bottom: 40px !important;}&#8221;]<h2 class=\"section-title\" style=\"color:#921111;\">Skicka ett meddelande<\/h2><h3 class=\"section-subtitle\" style=\"color:#921111;\"><\/h3>[\/vc_column_inner][vc_column_inner offset=&#8221;vc_col-lg-offset-1 vc_col-lg-10 vc_col-md-offset-1 vc_col-md-10&#8243;]\n<div class=\"wpcf7 no-js\" id=\"wpcf7-f363-o1\" lang=\"en-US\" dir=\"ltr\" data-wpcf7-id=\"363\">\n<div class=\"screen-reader-response\"><p role=\"status\" aria-live=\"polite\" aria-atomic=\"true\"><\/p> <ul><\/ul><\/div>\n<form action=\"\/index.php\/wp-json\/wp\/v2\/pages\/1969#wpcf7-f363-o1\" method=\"post\" class=\"wpcf7-form init\" aria-label=\"Contact form\" novalidate=\"novalidate\" data-status=\"init\">\n<fieldset class=\"hidden-fields-container\"><input type=\"hidden\" name=\"_wpcf7\" value=\"363\" \/><input type=\"hidden\" name=\"_wpcf7_version\" value=\"6.1.5\" \/><input type=\"hidden\" name=\"_wpcf7_locale\" value=\"en_US\" \/><input type=\"hidden\" name=\"_wpcf7_unit_tag\" value=\"wpcf7-f363-o1\" \/><input type=\"hidden\" name=\"_wpcf7_container_post\" value=\"0\" \/><input type=\"hidden\" name=\"_wpcf7_posted_data_hash\" value=\"\" \/>\n<\/fieldset>\n<p><span class=\"wpcf7-form-control-wrap\" data-name=\"your-name\"><input size=\"40\" maxlength=\"400\" class=\"wpcf7-form-control wpcf7-text wpcf7-validates-as-required\" aria-required=\"true\" aria-invalid=\"false\" placeholder=\"Ditt namn\" value=\"\" type=\"text\" name=\"your-name\" \/><\/span>\n<\/p>\n<p><span class=\"wpcf7-form-control-wrap\" data-name=\"your-email\"><input size=\"40\" maxlength=\"400\" class=\"wpcf7-form-control wpcf7-email wpcf7-validates-as-required wpcf7-text wpcf7-validates-as-email\" aria-required=\"true\" aria-invalid=\"false\" placeholder=\"Din epost\" value=\"\" type=\"email\" name=\"your-email\" \/><\/span>\n<\/p>\n<p><span class=\"wpcf7-form-control-wrap\" data-name=\"your-message\"><textarea cols=\"40\" rows=\"10\" maxlength=\"2000\" class=\"wpcf7-form-control wpcf7-textarea\" aria-invalid=\"false\" placeholder=\"Meddelande\" name=\"your-message\"><\/textarea><\/span><br \/>\n<span id=\"wpcf7-69f33c8565133-wrapper\" class=\"wpcf7-form-control-wrap email-wrap\" style=\"display:none !important; visibility:hidden !important;\"><label for=\"wpcf7-69f33c8565133-field\" class=\"hp-message\">Please leave this field empty.<\/label><input id=\"wpcf7-69f33c8565133-field\"  class=\"wpcf7-form-control wpcf7-text\" type=\"text\" name=\"email\" value=\"\" size=\"40\" tabindex=\"-1\" autocomplete=\"new-password\" \/><\/span>\n<\/p>\n<p><input class=\"wpcf7-form-control wpcf7-submit has-spinner\" type=\"submit\" value=\"Skicka\" \/>\n<\/p><div class=\"wpcf7-response-output\" aria-hidden=\"true\"><\/div>\n<\/form>\n<\/div>\n[\/vc_column_inner][\/vc_row_inner][\/vc_column][\/vc_row]<\/p>\n<\/div>","protected":false},"excerpt":{"rendered":"<p>[vc_row full_width=&#8221;stretch_row_content_no_spaces&#8221; el_id=&#8221;hem&#8221;][vc_column][\/vc_column][\/vc_row][vc_row content_placement=&#8221;top&#8221; css=&#8221;.vc_custom_1743747258421{padding-top: 120px !important;}&#8221; el_id=&#8221;omoptik&#8221;][vc_column][\/vc_column][\/vc_row][vc_row][vc_column offset=&#8221;vc_col-lg-8 vc_col-md-8&#8243; css=&#8221;.vc_custom_1488796249982{margin-top: 40px !important;}&#8221;][vc_column_text css_animation=&#8221;fadeIn&#8221; css=&#8221;&#8221;] OPTIK forts\u00e4tter den lyckade satsningen med tidning och digital publikation. En perfekt mix mellan den tryckta branschtidningen med alla dess v\u00e4rden \u2013 och de digitala publikationerna med snabbare kommunikation. Tidningen OPTIK utkommer med 4 nummer \u2013 alla med analyserande och<\/p>\n<div class=\"text-left\"><a class=\"btn btn-main btn-lg\" href=\"https:\/\/conmedia.se\/\" >READ MORE<\/a><\/div>\n","protected":false},"author":1,"featured_media":0,"parent":0,"menu_order":0,"comment_status":"closed","ping_status":"closed","template":"onepage.php","meta":{"footnotes":""},"class_list":["post-1969","page","type-page","status-publish","hentry","blog-item"],"_links":{"self":[{"href":"https:\/\/conmedia.se\/index.php\/wp-json\/wp\/v2\/pages\/1969","targetHints":{"allow":["GET"]}}],"collection":[{"href":"https:\/\/conmedia.se\/index.php\/wp-json\/wp\/v2\/pages"}],"about":[{"href":"https:\/\/conmedia.se\/index.php\/wp-json\/wp\/v2\/types\/page"}],"author":[{"embeddable":true,"href":"https:\/\/conmedia.se\/index.php\/wp-json\/wp\/v2\/users\/1"}],"replies":[{"embeddable":true,"href":"https:\/\/conmedia.se\/index.php\/wp-json\/wp\/v2\/comments?post=1969"}],"version-history":[{"count":50,"href":"https:\/\/conmedia.se\/index.php\/wp-json\/wp\/v2\/pages\/1969\/revisions"}],"predecessor-version":[{"id":2492,"href":"https:\/\/conmedia.se\/index.php\/wp-json\/wp\/v2\/pages\/1969\/revisions\/2492"}],"wp:attachment":[{"href":"https:\/\/conmedia.se\/index.php\/wp-json\/wp\/v2\/media?parent=1969"}],"curies":[{"name":"wp","href":"https:\/\/api.w.org\/{rel}","templated":true}]}}